{"id":462,"date":"2019-12-05T16:03:51","date_gmt":"2019-12-05T15:03:51","guid":{"rendered":"https:\/\/www.appius-suites.com\/adults-only\/"},"modified":"2020-01-14T09:42:57","modified_gmt":"2020-01-14T08:42:57","slug":"adults-only","status":"publish","type":"page","link":"https:\/\/appius-suites.com\/it\/adults-only\/","title":{"rendered":"Adults only"},"content":{"rendered":"\n<p class=\"headlineklein\">Il bello di una vacanza<\/p>\n\n\n\n<h1>adults-only<\/h1>\n","protected":false},"excerpt":{"rendered":"<p>Il bello di una vacanza adults-only<\/p>\n","protected":false},"author":1,"featured_media":0,"parent":0,"menu_order":0,"comment_status":"closed","ping_status":"open","template":"","meta":[],"yoast_head":"<!-- This site is optimized with the Yoast SEO plugin v19.14 - https:\/\/yoast.com\/wordpress\/plugins\/seo\/ -->\n<title>Pi\u00f9 di un hotel per adulti: scoprite Appius, ad Appiano<\/title>\n<meta name=\"description\" content=\"Das Adults only Hotel Appius ist f\u00fcr young adults (ab 14 Jahren) und vollj\u00e4hrige G\u00e4ste eine Oase der Ruhe. Als Konzept ist \u201eAdults only\u201c bzw. das Erwachsenenhotel noch relativ neu in S\u00fcdtirol, aber bereits bew\u00e4hrt und beliebt bei G\u00e4sten aus dem In- und Ausland. Ungetr\u00fcbter Genuss f\u00fcr Erwachsene: Adults only.Appius \u00e8 un\u2019oasi di pace e relax che accoglie ospiti dai 14 anni di et\u00e0, per garantirvi una vacanza davvero rigenerante in ambienti tranquilli e meravigliosamente panoramici.\" \/>\n<meta name=\"robots\" content=\"index, follow, max-snippet:-1, max-image-preview:large, max-video-preview:-1\" \/>\n<link rel=\"canonical\" href=\"https:\/\/appius-suites.com\/it\/adults-only\/\" \/>\n<script type=\"application\/ld+json\" class=\"yoast-schema-graph\">{\"@context\":\"https:\/\/schema.org\",\"@graph\":[{\"@type\":\"WebPage\",\"@id\":\"https:\/\/appius-suites.com\/it\/adults-only\/\",\"url\":\"https:\/\/appius-suites.com\/it\/adults-only\/\",\"name\":\"Pi\u00f9 di un hotel per adulti: scoprite Appius, ad Appiano\",\"isPartOf\":{\"@id\":\"https:\/\/appius-suites.com\/#website\"},\"datePublished\":\"2019-12-05T15:03:51+00:00\",\"dateModified\":\"2020-01-14T08:42:57+00:00\",\"description\":\"Das Adults only Hotel Appius ist f\u00fcr young adults (ab 14 Jahren) und vollj\u00e4hrige G\u00e4ste eine Oase der Ruhe. Als Konzept ist \u201eAdults only\u201c bzw. das Erwachsenenhotel noch relativ neu in S\u00fcdtirol, aber bereits bew\u00e4hrt und beliebt bei G\u00e4sten aus dem In- und Ausland. Ungetr\u00fcbter Genuss f\u00fcr Erwachsene: Adults only.Appius \u00e8 un\u2019oasi di pace e relax che accoglie ospiti dai 14 anni di et\u00e0, per garantirvi una vacanza davvero rigenerante in ambienti tranquilli e meravigliosamente panoramici.\",\"breadcrumb\":{\"@id\":\"https:\/\/appius-suites.com\/it\/adults-only\/#breadcrumb\"},\"inLanguage\":\"it-IT\",\"potentialAction\":[{\"@type\":\"ReadAction\",\"target\":[\"https:\/\/appius-suites.com\/it\/adults-only\/\"]}]},{\"@type\":\"BreadcrumbList\",\"@id\":\"https:\/\/appius-suites.com\/it\/adults-only\/#breadcrumb\",\"itemListElement\":[{\"@type\":\"ListItem\",\"position\":1,\"name\":\"Startseite\",\"item\":\"https:\/\/appius-suites.com\/it\/\"},{\"@type\":\"ListItem\",\"position\":2,\"name\":\"Adults only\"}]},{\"@type\":\"WebSite\",\"@id\":\"https:\/\/appius-suites.com\/#website\",\"url\":\"https:\/\/appius-suites.com\/\",\"name\":\"Appius - design suites\",\"description\":\"Appius, das Designhotel in Eppan\/S\u00fcdtirol\",\"publisher\":{\"@id\":\"https:\/\/appius-suites.com\/#\/schema\/person\/4b7fa85bb4b0be37a83a81b932475862\"},\"potentialAction\":[{\"@type\":\"SearchAction\",\"target\":{\"@type\":\"EntryPoint\",\"urlTemplate\":\"https:\/\/appius-suites.com\/?s={search_term_string}\"},\"query-input\":\"required name=search_term_string\"}],\"inLanguage\":\"it-IT\"},{\"@type\":[\"Person\",\"Organization\"],\"@id\":\"https:\/\/appius-suites.com\/#\/schema\/person\/4b7fa85bb4b0be37a83a81b932475862\",\"name\":\"web338\",\"image\":{\"@type\":\"ImageObject\",\"inLanguage\":\"it-IT\",\"@id\":\"https:\/\/appius-suites.com\/#\/schema\/person\/image\/\",\"url\":\"https:\/\/appius-suites.com\/wp-content\/uploads\/appius-design-suites-logo-4c.png\",\"contentUrl\":\"https:\/\/appius-suites.com\/wp-content\/uploads\/appius-design-suites-logo-4c.png\",\"width\":430,\"height\":370,\"caption\":\"web338\"},\"logo\":{\"@id\":\"https:\/\/appius-suites.com\/#\/schema\/person\/image\/\"}}]}<\/script>\n<!-- \/ Yoast SEO plugin. -->","yoast_head_json":{"title":"Pi\u00f9 di un hotel per adulti: scoprite Appius, ad Appiano","description":"Das Adults only Hotel Appius ist f\u00fcr young adults (ab 14 Jahren) und vollj\u00e4hrige G\u00e4ste eine Oase der Ruhe. Als Konzept ist \u201eAdults only\u201c bzw. das Erwachsenenhotel noch relativ neu in S\u00fcdtirol, aber bereits bew\u00e4hrt und beliebt bei G\u00e4sten aus dem In- und Ausland. Ungetr\u00fcbter Genuss f\u00fcr Erwachsene: Adults only.Appius \u00e8 un\u2019oasi di pace e relax che accoglie ospiti dai 14 anni di et\u00e0, per garantirvi una vacanza davvero rigenerante in ambienti tranquilli e meravigliosamente panoramici.","robots":{"index":"index","follow":"follow","max-snippet":"max-snippet:-1","max-image-preview":"max-image-preview:large","max-video-preview":"max-video-preview:-1"},"canonical":"https:\/\/appius-suites.com\/it\/adults-only\/","schema":{"@context":"https:\/\/schema.org","@graph":[{"@type":"WebPage","@id":"https:\/\/appius-suites.com\/it\/adults-only\/","url":"https:\/\/appius-suites.com\/it\/adults-only\/","name":"Pi\u00f9 di un hotel per adulti: scoprite Appius, ad Appiano","isPartOf":{"@id":"https:\/\/appius-suites.com\/#website"},"datePublished":"2019-12-05T15:03:51+00:00","dateModified":"2020-01-14T08:42:57+00:00","description":"Das Adults only Hotel Appius ist f\u00fcr young adults (ab 14 Jahren) und vollj\u00e4hrige G\u00e4ste eine Oase der Ruhe. Als Konzept ist \u201eAdults only\u201c bzw. das Erwachsenenhotel noch relativ neu in S\u00fcdtirol, aber bereits bew\u00e4hrt und beliebt bei G\u00e4sten aus dem In- und Ausland. Ungetr\u00fcbter Genuss f\u00fcr Erwachsene: Adults only.Appius \u00e8 un\u2019oasi di pace e relax che accoglie ospiti dai 14 anni di et\u00e0, per garantirvi una vacanza davvero rigenerante in ambienti tranquilli e meravigliosamente panoramici.","breadcrumb":{"@id":"https:\/\/appius-suites.com\/it\/adults-only\/#breadcrumb"},"inLanguage":"it-IT","potentialAction":[{"@type":"ReadAction","target":["https:\/\/appius-suites.com\/it\/adults-only\/"]}]},{"@type":"BreadcrumbList","@id":"https:\/\/appius-suites.com\/it\/adults-only\/#breadcrumb","itemListElement":[{"@type":"ListItem","position":1,"name":"Startseite","item":"https:\/\/appius-suites.com\/it\/"},{"@type":"ListItem","position":2,"name":"Adults only"}]},{"@type":"WebSite","@id":"https:\/\/appius-suites.com\/#website","url":"https:\/\/appius-suites.com\/","name":"Appius - design suites","description":"Appius, das Designhotel in Eppan\/S\u00fcdtirol","publisher":{"@id":"https:\/\/appius-suites.com\/#\/schema\/person\/4b7fa85bb4b0be37a83a81b932475862"},"potentialAction":[{"@type":"SearchAction","target":{"@type":"EntryPoint","urlTemplate":"https:\/\/appius-suites.com\/?s={search_term_string}"},"query-input":"required name=search_term_string"}],"inLanguage":"it-IT"},{"@type":["Person","Organization"],"@id":"https:\/\/appius-suites.com\/#\/schema\/person\/4b7fa85bb4b0be37a83a81b932475862","name":"web338","image":{"@type":"ImageObject","inLanguage":"it-IT","@id":"https:\/\/appius-suites.com\/#\/schema\/person\/image\/","url":"https:\/\/appius-suites.com\/wp-content\/uploads\/appius-design-suites-logo-4c.png","contentUrl":"https:\/\/appius-suites.com\/wp-content\/uploads\/appius-design-suites-logo-4c.png","width":430,"height":370,"caption":"web338"},"logo":{"@id":"https:\/\/appius-suites.com\/#\/schema\/person\/image\/"}}]}},"_links":{"self":[{"href":"https:\/\/appius-suites.com\/it\/wp-json\/wp\/v2\/pages\/462"}],"collection":[{"href":"https:\/\/appius-suites.com\/it\/wp-json\/wp\/v2\/pages"}],"about":[{"href":"https:\/\/appius-suites.com\/it\/wp-json\/wp\/v2\/types\/page"}],"author":[{"embeddable":true,"href":"https:\/\/appius-suites.com\/it\/wp-json\/wp\/v2\/users\/1"}],"replies":[{"embeddable":true,"href":"https:\/\/appius-suites.com\/it\/wp-json\/wp\/v2\/comments?post=462"}],"version-history":[{"count":1,"href":"https:\/\/appius-suites.com\/it\/wp-json\/wp\/v2\/pages\/462\/revisions"}],"predecessor-version":[{"id":524,"href":"https:\/\/appius-suites.com\/it\/wp-json\/wp\/v2\/pages\/462\/revisions\/524"}],"wp:attachment":[{"href":"https:\/\/appius-suites.com\/it\/wp-json\/wp\/v2\/media?parent=462"}],"curies":[{"name":"wp","href":"https:\/\/api.w.org\/{rel}","templated":true}]}}